{"id":4824,"date":"2025-05-21T08:31:55","date_gmt":"2025-05-21T08:31:55","guid":{"rendered":"https:\/\/digest.accon.com\/?page_id=4824"},"modified":"2026-04-07T11:05:01","modified_gmt":"2026-04-07T11:05:01","slug":"politica-privacitat","status":"publish","type":"page","link":"https:\/\/digest.accon.com\/es\/politica-privacitat\/","title":{"rendered":"Pol\u00edtica Privacitat"},"content":{"rendered":"\t\t<div data-elementor-type=\"wp-page\" data-elementor-id=\"4824\" class=\"elementor elementor-4824 elementor-3\" data-elementor-post-type=\"page\">\n\t\t\t\t<div class=\"elementor-element elementor-element-d71bb2d e-con-full e-flex e-con e-parent\" data-id=\"d71bb2d\" data-element_type=\"container\" data-e-type=\"container\" data-settings=\"{&quot;background_background&quot;:&quot;classic&quot;}\">\n\t\t<div class=\"elementor-element elementor-element-b284704 e-flex e-con-boxed e-con e-child\" data-id=\"b284704\" data-element_type=\"container\" data-e-type=\"container\">\n\t\t\t\t\t<div class=\"e-con-inner\">\n\t\t<div class=\"elementor-element elementor-element-6b87bee e-con-full e-flex e-con e-child\" data-id=\"6b87bee\" data-element_type=\"container\" data-e-type=\"container\">\n\t\t<div class=\"elementor-element elementor-element-351ae1d e-con-full e-flex e-con e-child\" data-id=\"351ae1d\" data-element_type=\"container\" data-e-type=\"container\">\n\t\t\t\t<div class=\"elementor-element elementor-element-0ae3f2a elementor-widget elementor-widget-heading\" data-id=\"0ae3f2a\" data-element_type=\"widget\" data-e-type=\"widget\" data-widget_type=\"heading.default\">\n\t\t\t\t<div class=\"elementor-widget-container\">\n\t\t\t\t\t<h1 class=\"elementor-heading-title elementor-size-default\">POL\u00cdTICA DE PRIVACITAT<\/h1>\t\t\t\t<\/div>\n\t\t\t\t<\/div>\n\t\t\t\t<\/div>\n\t\t\t\t<div class=\"elementor-element elementor-element-13bd505 elementor-widget-divider--view-line elementor-widget elementor-widget-divider\" data-id=\"13bd505\" data-element_type=\"widget\" data-e-type=\"widget\" data-widget_type=\"divider.default\">\n\t\t\t\t<div class=\"elementor-widget-container\">\n\t\t\t\t\t\t\t<div class=\"elementor-divider\">\n\t\t\t<span class=\"elementor-divider-separator\">\n\t\t\t\t\t\t<\/span>\n\t\t<\/div>\n\t\t\t\t\t\t<\/div>\n\t\t\t\t<\/div>\n\t\t\t\t<div class=\"elementor-element elementor-element-4e2d0ca elementor-widget elementor-widget-text-editor\" data-id=\"4e2d0ca\" data-element_type=\"widget\" data-e-type=\"widget\" data-widget_type=\"text-editor.default\">\n\t\t\t\t<div class=\"elementor-widget-container\">\n\t\t\t\t\t\t\t\t\t<div class=\"politica-privacitat\">\n\n    <strong><u>Informaci\u00f3n general<\/u><\/strong><br><br>\n    La presente Pol\u00edtica de Privacidad tiene por objeto facilitar informaci\u00f3n sobre los derechos que amparan al usuario en virtud del Reglamento (UE) 2016\/679 del Parlamento Europeo y del Consejo, de 27 de abril de 2016, relativo a la protecci\u00f3n de las personas f\u00edsicas en lo que respecta al tratamiento de datos personales y a la libre circulaci\u00f3n de estos datos, y de la Ley Org\u00e1nica 3\/2018, de 5 de diciembre, de Protecci\u00f3n de Datos Personales y garant\u00eda de los derechos digitales.\n    <br><br>\n    CENTRE ODONTOL\u00d2GIC D\u00cdGEST, SL, es el responsable del tratamiento de los datos de car\u00e1cter personal que se traten a trav\u00e9s de esta p\u00e1gina web. Puede consultar la informaci\u00f3n relativa a CENTRE ODONTOL\u00d2GIC D\u00cdGEST, SL, visitando el Aviso Legal que aparece al pie de p\u00e1gina.\n    <br><br>\n    Le informamos que, a trav\u00e9s de este sitio web, no se recogen datos de car\u00e1cter personal de los usuarios sin su conocimiento, ni se ceden a terceros. Con la finalidad de ofrecerle el mejor servicio y con el objetivo de facilitar su uso, se analizan el n\u00famero de p\u00e1ginas visitadas, el n\u00famero de visitas, as\u00ed como la actividad de los visitantes y su frecuencia de utilizaci\u00f3n.\n    <br><br>\n    CENTRE ODONTOL\u00d2GIC D\u00cdGEST, SL, utiliza <a href=\"\/politica-cookies\">cookies propias y de terceros<\/a>.\n    <br><br>\n    Este sitio web puede contener enlaces a sitios web de terceros, cuyas pol\u00edticas de privacidad son ajenas a la de CENTRE ODONTOL\u00d2GIC D\u00cdGEST, SL. Por este motivo, al acceder a dichos sitios web, usted puede decidir si acepta sus pol\u00edticas de privacidad y de cookies.\n    <br><br>\n    <strong><u>Responsable del tratamiento<\/u><\/strong><br><br>\n    Los datos de car\u00e1cter personal ser\u00e1n tratados de forma confidencial y quedar\u00e1n incorporados a la correspondiente actividad de tratamiento titularidad de CENTRE ODONTOL\u00d2GIC D\u00cdGEST, SL.\n    <br><br>\n    <strong><u>Finalidad<\/u><\/strong><br><br>\n    La finalidad del tratamiento de los datos corresponde a cada una de las actividades de tratamiento que realiza CENTRE ODONTOL\u00d2GIC D\u00cdGEST, SL, y que son accesibles en el <a href=\"https:\/\/www.aepd.es\/agencia\/transparencia\/registro-actividades-tratamiento\/index.html\" target=\"_blank\" rel=\"noopener\">Registro de Actividades de Tratamiento<\/a>.\n    <br><br>\n    <strong><u>Legitimaci\u00f3n<\/u><\/strong><br><br>\n    El tratamiento de sus datos se realiza sobre la base del consentimiento que ha prestado mediante una clara acci\u00f3n afirmativa, o sobre la base de la relaci\u00f3n contractual que mantiene usted con CENTRE ODONTOL\u00d2GIC D\u00cdGEST, SL.\n    <br><br>\n    <strong><u>Conservaci\u00f3n de datos<\/u><\/strong><br><br>\n    Los datos personales proporcionados se conservar\u00e1n durante el tiempo necesario para cumplir con la finalidad para la que hayan sido recogidos y para determinar las posibles responsabilidades que se pudieran derivar, adem\u00e1s de los periodos que establece la normativa de archivos y documentaci\u00f3n.\n    <br><br>\n    <strong><u>Comunicaci\u00f3n de datos<\/u><\/strong><br><br>\n    Con car\u00e1cter general, no se comunicar\u00e1n los datos personales a terceros, excepto por obligaci\u00f3n legal.\n    <br><br>\n    <strong><u>Derechos de los interesados<\/u><\/strong><br><br>\n    Le informamos que puede ejercer los derechos que se detallan a continuaci\u00f3n, en cualquier momento y de forma gratuita, dirigiendo una solicitud escrita a <strong>clinicadental@digest.cat<\/strong> e indicando el derecho que desea ejercer y sus datos personales:\n    <br><br>\n    <ul>\n        <li>Derecho de acceso a sus datos personales, para saber cu\u00e1les est\u00e1n siendo objeto de tratamiento y las operaciones de tratamiento que se llevan a cabo.<\/li>\n        <li>Derecho de rectificaci\u00f3n de cualquier dato personal inexacto.<\/li>\n        <li>Derecho de supresi\u00f3n de sus datos personales, cuando sea posible.<\/li>\n        <li>Derecho a solicitar la limitaci\u00f3n del tratamiento de sus datos personales cuando la exactitud, la legalidad o la necesidad del tratamiento de los datos resulte dudosa.<\/li>\n        <li>Derecho a la portabilidad de sus datos.<\/li>\n        <li>Derecho de oposici\u00f3n al tratamiento de sus datos personales.<\/li>\n        <li>Derecho a revocar el consentimiento otorgado.<\/li>\n    <\/ul>\n    <br>\n    <strong><u>Seguridad<\/u><\/strong><br><br>\n    CENTRE ODONTOL\u00d2GIC D\u00cdGEST, SL, ha implementado y mantiene los niveles de seguridad exigidos por el Reglamento General de Protecci\u00f3n de Datos y por la Ley Org\u00e1nica de Protecci\u00f3n de Datos y garant\u00eda de los derechos digitales para proteger los datos de car\u00e1cter personal de los usuarios frente a p\u00e9rdidas fortuitas y accesos, tratamientos o revelaciones no autorizados, teniendo en cuenta el estado de la tecnolog\u00eda, la naturaleza de los datos almacenados y los riesgos a los que est\u00e1n expuestos.\n    <br><br>\n    No obstante, la transmisi\u00f3n de informaci\u00f3n a trav\u00e9s de Internet no es totalmente segura; por ello, no se puede garantizar la seguridad durante el tr\u00e1nsito hasta el sitio web. Una vez recibidos sus datos, CENTRE ODONTOL\u00d2GIC D\u00cdGEST, SL, seguir\u00e1 los procedimientos pertinentes para impedir cualquier acceso no autorizado.\n    <br><br>\n    <strong><u>Confidencialidad<\/u><\/strong><br><br>\n    Los datos personales que CENTRE ODONTOL\u00d2GIC D\u00cdGEST, SL, recoge a trav\u00e9s del sitio web o por medio de las diferentes comunicaciones mantenidas ser\u00e1n tratados de manera confidencial.\n    <br><br>\n    <strong><u>Menores<\/u><\/strong><br><br>\n    Los menores de 14 a\u00f1os no podr\u00e1n usar los servicios disponibles a trav\u00e9s del sitio web sin la autorizaci\u00f3n previa de sus padres, tutores o representantes legales, siendo estos \u00faltimos los \u00fanicos responsables de todos los actos realizados a trav\u00e9s del sitio web por los menores a su cargo.\n    <br><br>\n    Dado que CENTRE ODONTOL\u00d2GIC D\u00cdGEST, SL, no puede controlar la edad de los usuarios, se advierte que deber\u00e1n ser los padres y tutores quienes habiliten los mecanismos necesarios para evitar que los menores accedan al sitio web sin su supervisi\u00f3n, hecho que exime a CENTRE ODONTOL\u00d2GIC D\u00cdGEST, SL, de cualquier responsabilidad derivada de dicha conducta.\n    <br><br>\n    <strong><u>Actualizaci\u00f3n de la pol\u00edtica de privacidad<\/u><\/strong><br><br>\n    La presente Pol\u00edtica de Privacidad puede ser modificada o actualizada; por ello, se aconseja que el usuario la revise cada vez que acceda al sitio web, con el fin de estar informado en todo momento de la informaci\u00f3n recogida y del tratamiento que se le dar\u00e1.\n    <br><br>\n    La Pol\u00edtica de Privacidad se actualiz\u00f3 por \u00faltima vez el 10 de octubre de 2025.\n\n<\/div>\t\t\t\t\t\t\t\t<\/div>\n\t\t\t\t<\/div>\n\t\t\t\t<\/div>\n\t\t\t\t\t<\/div>\n\t\t\t\t<\/div>\n\t\t\t\t<\/div>\n\t\t\t\t<\/div>\n\t\t","protected":false},"excerpt":{"rendered":"<p>POL\u00cdTICA DE PRIVACITAT Informaci\u00f3n general La presente Pol\u00edtica de Privacidad tiene por objeto facilitar informaci\u00f3n sobre los derechos que amparan al usuario en virtud del Reglamento (UE) 2016\/679 del Parlamento Europeo y del Consejo, de 27 de abril de 2016, relativo a la protecci\u00f3n de las personas f\u00edsicas en lo que respecta al tratamiento de [&hellip;]<\/p>\n","protected":false},"author":1,"featured_media":0,"parent":0,"menu_order":0,"comment_status":"closed","ping_status":"closed","template":"","meta":{"_acf_changed":false,"footnotes":""},"class_list":["post-4824","page","type-page","status-publish","hentry"],"acf":[],"_links":{"self":[{"href":"https:\/\/digest.accon.com\/es\/wp-json\/wp\/v2\/pages\/4824","targetHints":{"allow":["GET"]}}],"collection":[{"href":"https:\/\/digest.accon.com\/es\/wp-json\/wp\/v2\/pages"}],"about":[{"href":"https:\/\/digest.accon.com\/es\/wp-json\/wp\/v2\/types\/page"}],"author":[{"embeddable":true,"href":"https:\/\/digest.accon.com\/es\/wp-json\/wp\/v2\/users\/1"}],"replies":[{"embeddable":true,"href":"https:\/\/digest.accon.com\/es\/wp-json\/wp\/v2\/comments?post=4824"}],"version-history":[{"count":38,"href":"https:\/\/digest.accon.com\/es\/wp-json\/wp\/v2\/pages\/4824\/revisions"}],"predecessor-version":[{"id":5487,"href":"https:\/\/digest.accon.com\/es\/wp-json\/wp\/v2\/pages\/4824\/revisions\/5487"}],"wp:attachment":[{"href":"https:\/\/digest.accon.com\/es\/wp-json\/wp\/v2\/media?parent=4824"}],"curies":[{"name":"wp","href":"https:\/\/api.w.org\/{rel}","templated":true}]}}