{"id":4844,"date":"2025-10-13T10:57:21","date_gmt":"2025-10-13T10:57:21","guid":{"rendered":"https:\/\/digest.accon.com\/?page_id=4844"},"modified":"2025-10-20T11:58:07","modified_gmt":"2025-10-20T11:58:07","slug":"politica-cookies","status":"publish","type":"page","link":"https:\/\/digest.accon.com\/es\/politica-cookies\/","title":{"rendered":"Pol\u00edtica Cookies ES"},"content":{"rendered":"\t\t<div data-elementor-type=\"wp-page\" data-elementor-id=\"4844\" class=\"elementor elementor-4844 elementor-4438\" data-elementor-post-type=\"page\">\n\t\t\t\t<div class=\"elementor-element elementor-element-d71bb2d e-con-full e-flex e-con e-parent\" data-id=\"d71bb2d\" data-element_type=\"container\" data-e-type=\"container\" data-settings=\"{&quot;background_background&quot;:&quot;classic&quot;}\">\n\t\t<div class=\"elementor-element elementor-element-90c0b90 e-flex e-con-boxed e-con e-child\" data-id=\"90c0b90\" data-element_type=\"container\" data-e-type=\"container\">\n\t\t\t\t\t<div class=\"e-con-inner\">\n\t\t<div class=\"elementor-element elementor-element-1130abc e-con-full e-flex e-con e-child\" data-id=\"1130abc\" data-element_type=\"container\" data-e-type=\"container\">\n\t\t<div class=\"elementor-element elementor-element-17b2132 e-con-full e-flex e-con e-child\" data-id=\"17b2132\" data-element_type=\"container\" data-e-type=\"container\">\n\t\t\t\t<div class=\"elementor-element elementor-element-cbad539 elementor-widget elementor-widget-heading\" data-id=\"cbad539\" data-element_type=\"widget\" data-e-type=\"widget\" data-widget_type=\"heading.default\">\n\t\t\t\t<div class=\"elementor-widget-container\">\n\t\t\t\t\t<h1 class=\"elementor-heading-title elementor-size-default\">Pol\u00edtica de cookies<\/h1>\t\t\t\t<\/div>\n\t\t\t\t<\/div>\n\t\t\t\t<\/div>\n\t\t\t\t<div class=\"elementor-element elementor-element-43a88f3 elementor-widget-divider--view-line elementor-widget elementor-widget-divider\" data-id=\"43a88f3\" data-element_type=\"widget\" data-e-type=\"widget\" data-widget_type=\"divider.default\">\n\t\t\t\t<div class=\"elementor-widget-container\">\n\t\t\t\t\t\t\t<div class=\"elementor-divider\">\n\t\t\t<span class=\"elementor-divider-separator\">\n\t\t\t\t\t\t<\/span>\n\t\t<\/div>\n\t\t\t\t\t\t<\/div>\n\t\t\t\t<\/div>\n\t\t\t\t<div class=\"elementor-element elementor-element-0771ad1 elementor-widget elementor-widget-text-editor\" data-id=\"0771ad1\" data-element_type=\"widget\" data-e-type=\"widget\" data-widget_type=\"text-editor.default\">\n\t\t\t\t<div class=\"elementor-widget-container\">\n\t\t\t\t\t\t\t\t\t<div><p>CENTRE ODONTOL\u00d2GIC DIGEST S.L., titular de <a href=\"https:\/\/www.digest.cat\/digest\"><u>https:\/\/www.digest.cat\/digest<\/u><\/a>, utiliza cookies Propias y de terceros con las finalidades que se indican a continuaci\u00f3n.<\/p><p><br \/><strong>\u00bfQu\u00e9 es una cookie?<\/strong><br \/>Una cookie es un peque\u00f1o fichero que se descarga en su ordenador u otro dispositivo (smartphone, tablet, etc.) que utilice cuando visita <a href=\"https:\/\/www.digest.cat\/digest\"><u>https:\/\/www.digest.cat\/digest<\/u><\/a>. Entre otros fines, las cookies le permiten personalizar los contenidos a los que accede y a nosotros obtener estad\u00edsticas para mejorar nuestros servicios y tambi\u00e9n ofrecerle publicidad.<\/p><p>Con car\u00e1cter general, se puede utilizar varios criterios para clasificar las cookies, en funci\u00f3n de qui\u00e9n las gestione (propias o de terceros), el plazo de tiempo durante el que permanecen actividades (de sesi\u00f3n o persistentes) o su finalidad (t\u00e9cnica, de personalizaci\u00f3n, de an\u00e1lisis, etc.). En el \u00faltimo caso, dependiendo de cu\u00e1l sea la finalidad concreta pueden requerir, o no, obtener el consentimiento del usuario.<\/p><p>A continuaci\u00f3n, se explica con car\u00e1cter general las cookies que puede haber con car\u00e1cter general de manera que ello permita entender posteriormente qu\u00e9 cookies utiliza CENTRE ODONTOL\u00d2GIC DIGEST S.L. en <a href=\"https:\/\/www.digest.cat\/digest\"><u>https:\/\/www.digest.cat\/digest<\/u><\/a><\/p><div style=\"overflow-x: auto; -webkit-overflow-scrolling: touch; margin: 20px 0;\"><table style=\"width: 100%; min-width: 600px; border-collapse: collapse;\" border=\"1\" cellspacing=\"0\" cellpadding=\"10\"><tbody><tr><td colspan=\"3\"><strong>Cookies<\/strong><\/td><\/tr><tr><td style=\"vertical-align: top;\" rowspan=\"2\"><strong>\u00bfDe qui\u00e9n son?<\/strong><\/td><td><strong>Propias<\/strong><\/td><td>Ser\u00edan las que, en su caso, enviase CENTRE ODONTOL\u00d2GIC DIGEST S.L. a su dispositivo desde <a href=\"https:\/\/www.digest.cat\/digest\"><u>https:\/\/www.digest.cat\/digest<\/u><\/a><\/td><\/tr><tr><td><strong>De tercero<\/strong><\/td><td>Ser\u00edan las que, en su caso, enviasen otras entidades, como por ejemplo Google en el caso de las cookies de Google Analytics.<\/td><\/tr><tr><td style=\"vertical-align: top;\" rowspan=\"2\"><strong>\u00bfCu\u00e1nto tiempo permanecen activadas?<\/strong><\/td><td><strong>De sesi\u00f3n<\/strong><\/td><td>Recaban y almacenan datos durante la sesi\u00f3n del usuario, como por ejemplo para prestar un servicio. Se eliminan cuando finaliza la sesi\u00f3n.<\/td><\/tr><tr><td><strong>Persistentes<\/strong><\/td><td>Los datos recabados a trav\u00e9s del uso de la cookie siguen almacenados durante un periodo de tiempo que pueden ser minutos o incluso a\u00f1os.<\/td><\/tr><tr><td style=\"vertical-align: top;\" rowspan=\"7\"><strong>\u00bfCu\u00e1l es su finalidad?<\/strong><\/td><td colspan=\"2\"><strong>No requieren consentimiento del usuario<\/strong><\/td><\/tr><tr><td><strong>T\u00e9cnicas<\/strong><\/td><td>Son necesarias para que la navegaci\u00f3n por la p\u00e1gina web que se visita sea posible, de manera que funcione adecuadamente.<\/td><\/tr><tr><td><strong>De personalizaci\u00f3n o configuraci\u00f3n<\/strong><\/td><td>Sirven para personalizar o configurar la presentaci\u00f3n de la p\u00e1gina web que visita el usuario reconociendo su idioma, tama\u00f1o de letra, etc.<\/td><\/tr><tr><td><strong>De seguridad<\/strong><\/td><td>Se utilizan para prevenir o dificultar ataques contra el sitio o p\u00e1gina web y\/o los usuarios.<\/td><\/tr><tr><td colspan=\"2\"><strong>Requieren consentimiento del usuario<\/strong><\/td><\/tr><tr><td><strong>Anal\u00edticas<\/strong><\/td><td>Sirven para medir la actividad del usuario al visitar el sitio o p\u00e1gina web y elaborar estad\u00edsticas de navegaci\u00f3n con el fin de mejorar el servicio, la informaci\u00f3n, etc.<\/td><\/tr><tr><td><strong>Publicitarias<\/strong><\/td><td>Sirven para gestionar la frecuencia y el contenido de la publicidad que se muestra.<\/td><\/tr><tr><td>\u00a0<\/td><td><strong>De seguimiento<\/strong><\/td><td>Sirven para mostrar publicidad personalizada.<\/td><\/tr><\/tbody><\/table><\/div><p><strong>\u00bfQu\u00e9 cookies se utilizan en <a href=\"https:\/\/www.digest.cat\/digest\"><u>https:\/\/www.digest.cat\/digest<\/u><\/a>?<\/strong><br \/>En concreto CENTRE ODONTOL\u00d2GIC DIGEST S.L. en <a href=\"https:\/\/www.digest.cat\/digest\"><u>https:\/\/www.digest.cat\/digest<\/u><\/a>, utiliza las siguientes cookies tanto propias como de terceros:<\/p><div style=\"overflow-x: auto; -webkit-overflow-scrolling: touch; margin: 20px 0;\"><table style=\"width: 100%; min-width: 600px; border-collapse: collapse;\" border=\"1\" cellspacing=\"0\" cellpadding=\"10\"><tbody><tr><td colspan=\"5\"><strong>Cookies propias<\/strong><\/td><\/tr><tr><td colspan=\"2\"><strong>Tipo<\/strong><\/td><td><strong>Finalidad<\/strong><\/td><td><strong>Tiempo de activaci\u00f3n<\/strong><\/td><td><strong>M\u00e1s informaci\u00f3n<\/strong><\/td><\/tr><tr><td>Cookies t\u00e9cnicas, anal\u00edticas y publicitarias<\/td><td>\u00ab_ga\u00bb, \u00ab_gid\u00bb y \u00ab_cfduid\u00bb<\/td><td>\u00ab_ga\u00bb duraci\u00f3n 2 a\u00f1os, se usa para distinguir a los usuarios<br \/>\u00ab_gid\u00bb duraci\u00f3n 24 horas, se usa para distinguir a los usuarios<br \/>\u00ab_cfduid\u00bb duraci\u00f3n 1 a\u00f1o, \u00ab.addtoany.com &#8211; compartir p\u00e1ginas<\/td><td>2 a\u00f1os<br \/>24 horas<br \/>1 a\u00f1o<\/td><td>\u00a0<\/td><\/tr><\/tbody><\/table><\/div><div style=\"overflow-x: auto; -webkit-overflow-scrolling: touch; margin: 20px 0;\"><table style=\"width: 100%; min-width: 600px; border-collapse: collapse;\" border=\"1\" cellspacing=\"0\" cellpadding=\"10\"><tbody><tr><td colspan=\"5\"><strong>Cookies de terceros<\/strong><\/td><\/tr><tr><td colspan=\"2\"><strong>Tipo<\/strong><\/td><td><strong>Finalidad<\/strong><\/td><td><strong>Tiempo de activaci\u00f3n<\/strong><\/td><td><strong>M\u00e1s informaci\u00f3n<\/strong><\/td><\/tr><tr><td>Cookies t\u00e9cnicas, anal\u00edticas y publicitarias<\/td><td>\u00ab_ga\u00bb, \u00ab_gid\u00bb y \u00ab_cfduid\u00bb<\/td><td>\u00ab_ga\u00bb duraci\u00f3n 2 a\u00f1os, se usa para distinguir a los usuarios<br \/>\u00ab_gid\u00bb duraci\u00f3n 24 horas, se usa para distinguir a los usuarios<br \/>\u00ab_cfduid\u00bb duraci\u00f3n 1 a\u00f1o, \u00ab.addtoany.com &#8211; compartir p\u00e1ginas<\/td><td>2 a\u00f1os<br \/>24 horas<br \/>1 a\u00f1o<\/td><td>\u00a0<\/td><\/tr><\/tbody><\/table><\/div><p><strong>Gesti\u00f3n y desactivaci\u00f3n o eliminaci\u00f3n de las cookies:<\/strong><br \/>Salvo en el caso de las cookies t\u00e9cnicas, que son necesarias para poder navegar en <a href=\"https:\/\/www.digest.cat\/digest\"><u>https:\/\/www.digest.cat\/digest<\/u><\/a>; por lo que se refiere a las cookies anal\u00edticas y publicitarias indicadas anteriormente, en cualquier momento usted podr\u00e1 ejercer su derecho de desactivaci\u00f3n o eliminaci\u00f3n de cookies instaladas en su equipo o dispositivo mediante la configuraci\u00f3n de las opciones del navegador que utilice.<\/p><p>En funci\u00f3n del navegador que est\u00e9 usando, variar\u00e1 la manera en la que pueda eliminar, desactivar o bloquear las cookies. Al respecto, puede consultar los siguientes links de los principales navegadores donde podr\u00e1 encontrar m\u00e1s informaci\u00f3n:<\/p><div style=\"overflow-x: auto; -webkit-overflow-scrolling: touch; margin: 20px 0;\"><table style=\"width: 100%; min-width: 400px; border-collapse: collapse;\" border=\"1\" cellspacing=\"0\" cellpadding=\"10\"><tbody><tr><td><strong>Navegador<\/strong><\/td><td><strong>URL<\/strong><\/td><\/tr><tr><td><strong>Safari<\/strong><\/td><td><a href=\"https:\/\/www.apple.com\/legal\/privacy\/es\/cookies\/\"><u>https:\/\/www.apple.com\/legal\/privacy\/es\/cookies\/<\/u><\/a><\/td><\/tr><tr><td><strong>Chrome<\/strong><\/td><td><a href=\"https:\/\/support.google.com\/accounts\/answer\/61416?hl=es\"><u>https:\/\/support.google.com\/accounts\/answer\/61416?hl=es<\/u><\/a><\/td><\/tr><tr><td><strong>Firefox<\/strong><\/td><td><a href=\"https:\/\/support.mozilla.org\/es\/kb\/habilitar-y-deshabilitar-cookies-sitios-web-rastrear-preferencias?redirectlocale=es&amp;redirectslug=habilitar-y-deshabilitar-cookies-que-los-sitios-we\"><u>https:\/\/support.mozilla.org\/es\/kb\/habilitar-y-deshabilitar-cookies-sitios-web-rastrear-preferencias<\/u><\/a><\/td><\/tr><tr><td><strong>Edge<\/strong><\/td><td><a href=\"http:\/\/windows.microsoft.com\/es-es\/windows-10\/edge-privacy-faq\"><u>http:\/\/windows.microsoft.com\/es-es\/windows-10\/edge-privacy-faq<\/u><\/a><\/td><\/tr><tr><td><strong>Opera<\/strong><\/td><td><a href=\"http:\/\/help.opera.com\/Linux\/10.60\/es-ES\/cookies.html\"><u>http:\/\/help.opera.com\/Linux\/10.60\/es-ES\/cookies.html<\/u><\/a><\/td><\/tr><\/tbody><\/table><\/div><p><strong>Consultas y m\u00e1s informaci\u00f3n sobre cookies:<\/strong><br \/>Si tiene alguna consulta sobre esta Pol\u00edtica de Cookies puede dirigirse a clinicadental@digest.cat<\/p><p>Y si desea obtener m\u00e1s informaci\u00f3n sobre las cookies, puede consultar la Gu\u00eda sobre el uso de las cookies de la Agencia Espa\u00f1ola de Protecci\u00f3n de Datos (AEPD), elaborada junto con varias asociaciones sectoriales.<br \/><strong>Actualizaci\u00f3n de la Pol\u00edtica de Cookies:<\/strong><br \/>Esta Pol\u00edtica de Cookies est\u00e1 actualizada a 10 de octubre de 2025.<\/p><\/div>\t\t\t\t\t\t\t\t<\/div>\n\t\t\t\t<\/div>\n\t\t\t\t<\/div>\n\t\t\t\t\t<\/div>\n\t\t\t\t<\/div>\n\t\t\t\t<\/div>\n\t\t\t\t<\/div>\n\t\t","protected":false},"excerpt":{"rendered":"<p>Pol\u00edtica de cookies CENTRE ODONTOL\u00d2GIC DIGEST S.L., titular de https:\/\/www.digest.cat\/digest, utiliza cookies Propias y de terceros con las finalidades que se indican a continuaci\u00f3n. \u00bfQu\u00e9 es una cookie?Una cookie es un peque\u00f1o fichero que se descarga en su ordenador u otro dispositivo (smartphone, tablet, etc.) que utilice cuando visita https:\/\/www.digest.cat\/digest. Entre otros fines, las cookies [&hellip;]<\/p>\n","protected":false},"author":1,"featured_media":0,"parent":0,"menu_order":0,"comment_status":"closed","ping_status":"closed","template":"","meta":{"_acf_changed":false,"footnotes":""},"class_list":["post-4844","page","type-page","status-publish","hentry"],"acf":[],"_links":{"self":[{"href":"https:\/\/digest.accon.com\/es\/wp-json\/wp\/v2\/pages\/4844","targetHints":{"allow":["GET"]}}],"collection":[{"href":"https:\/\/digest.accon.com\/es\/wp-json\/wp\/v2\/pages"}],"about":[{"href":"https:\/\/digest.accon.com\/es\/wp-json\/wp\/v2\/types\/page"}],"author":[{"embeddable":true,"href":"https:\/\/digest.accon.com\/es\/wp-json\/wp\/v2\/users\/1"}],"replies":[{"embeddable":true,"href":"https:\/\/digest.accon.com\/es\/wp-json\/wp\/v2\/comments?post=4844"}],"version-history":[{"count":9,"href":"https:\/\/digest.accon.com\/es\/wp-json\/wp\/v2\/pages\/4844\/revisions"}],"predecessor-version":[{"id":4858,"href":"https:\/\/digest.accon.com\/es\/wp-json\/wp\/v2\/pages\/4844\/revisions\/4858"}],"wp:attachment":[{"href":"https:\/\/digest.accon.com\/es\/wp-json\/wp\/v2\/media?parent=4844"}],"curies":[{"name":"wp","href":"https:\/\/api.w.org\/{rel}","templated":true}]}}